{"id":1700,"date":"2025-05-29T12:10:46","date_gmt":"2025-05-29T09:10:46","guid":{"rendered":"https:\/\/agronorm.kz\/?post_type=product&#038;p=1700"},"modified":"2026-02-23T13:15:34","modified_gmt":"2026-02-23T10:15:34","slug":"zhatki-akturk-dlya-uborki-podsolnechnika","status":"publish","type":"product","link":"https:\/\/agronorm.kz\/en\/catalog\/zhatki\/podsolnechnye\/zhatki-akturk-dlya-uborki-podsolnechnika\/","title":{"rendered":"\u0416\u0430\u0442\u043a\u0430 Akt\u00fcrk \u0434\u043b\u044f \u0443\u0431\u043e\u0440\u043a\u0438 \u043f\u043e\u0434\u0441\u043e\u043b\u043d\u0435\u0447\u043d\u0438\u043a\u0430"},"content":{"rendered":"<p><iframe loading=\"lazy\" title=\"AY\u00c7\u0130\u00c7EK HASAT TABLASI\" width=\"500\" height=\"281\" src=\"https:\/\/www.youtube.com\/embed\/UI0pHnSuRFY?start=82&#038;feature=oembed\" frameborder=\"0\" allow=\"accelerometer; autoplay; clipboard-write; encrypted-media; gyroscope; picture-in-picture; web-share\" referrerpolicy=\"strict-origin-when-cross-origin\" allowfullscreen><\/iframe><\/p>\n<p>&nbsp;<\/p>\n<h4><\/h4>\n","protected":false},"excerpt":{"rendered":"<p>\u041c\u0438\u043d\u0438\u043c\u0430\u043b\u044c\u043d\u044b\u0435 \u043f\u043e\u0442\u0435\u0440\u0438 \u043f\u0440\u0438 \u0441\u0431\u043e\u0440\u0435 \u0443\u0440\u043e\u0436\u0430\u044f. \u041f\u0440\u043e\u0441\u0442\u043e\u0442\u0430 \u0432 \u044d\u043a\u0441\u043f\u043b\u0443\u0430\u0442\u0430\u0446\u0438\u0438. \u0411\u044b\u0441\u0442\u0440\u0430\u044f \u0443\u0441\u0442\u0430\u043d\u043e\u0432\u043a\u0430. \u0421\u043e\u0432\u043c\u0435\u0441\u0442\u0438\u043c\u043e\u0441\u0442\u044c \u0441 \u0440\u0430\u0437\u043b\u0438\u0447\u043d\u044b\u043c\u0438 \u043c\u043e\u0434\u0435\u043b\u044f\u043c\u0438 \u043a\u043e\u043c\u0431\u0430\u0439\u043d\u043e\u0432. \u0412\u043e\u0437\u043c\u043e\u0436\u043d\u043e\u0441\u0442\u044c \u043e\u0431\u0440\u0430\u0431\u043e\u0442\u043a\u0438 \u043f\u043e\u0447\u0432\u044b \u0441\u0440\u0430\u0437\u0443 \u043f\u043e\u0441\u043b\u0435 \u0441\u0431\u043e\u0440\u0430<\/p>\n","protected":false},"featured_media":1702,"template":"","meta":{"_acf_changed":false,"inline_featured_image":false},"product_brand":[],"product_cat":[34,56],"product_tag":[],"class_list":{"0":"post-1700","1":"product","2":"type-product","3":"status-publish","4":"has-post-thumbnail","6":"product_cat-zhatki","7":"product_cat-podsolnechnye","9":"first","10":"instock","11":"shipping-taxable","12":"product-type-simple"},"acf":[],"aioseo_notices":[],"_links":{"self":[{"href":"https:\/\/agronorm.kz\/en\/wp-json\/wp\/v2\/product\/1700","targetHints":{"allow":["GET"]}}],"collection":[{"href":"https:\/\/agronorm.kz\/en\/wp-json\/wp\/v2\/product"}],"about":[{"href":"https:\/\/agronorm.kz\/en\/wp-json\/wp\/v2\/types\/product"}],"wp:featuredmedia":[{"embeddable":true,"href":"https:\/\/agronorm.kz\/en\/wp-json\/wp\/v2\/media\/1702"}],"wp:attachment":[{"href":"https:\/\/agronorm.kz\/en\/wp-json\/wp\/v2\/media?parent=1700"}],"wp:term":[{"taxonomy":"product_brand","embeddable":true,"href":"https:\/\/agronorm.kz\/en\/wp-json\/wp\/v2\/product_brand?post=1700"},{"taxonomy":"product_cat","embeddable":true,"href":"https:\/\/agronorm.kz\/en\/wp-json\/wp\/v2\/product_cat?post=1700"},{"taxonomy":"product_tag","embeddable":true,"href":"https:\/\/agronorm.kz\/en\/wp-json\/wp\/v2\/product_tag?post=1700"}],"curies":[{"name":"wp","href":"https:\/\/api.w.org\/{rel}","templated":true}]}}